{"id":1245,"date":"2022-06-10T17:35:13","date_gmt":"2022-06-10T15:35:13","guid":{"rendered":"https:\/\/boisdesign59.com\/?post_type=product&#038;p=1245"},"modified":"2025-11-23T18:38:02","modified_gmt":"2025-11-23T17:38:02","slug":"arbre-a-chat-bois-naturel-forme-courbee","status":"publish","type":"product","link":"https:\/\/boisdesign59.com\/index.php\/produit\/arbre-a-chat-bois-naturel-forme-courbee\/","title":{"rendered":"Arbre \u00e0 chat bois naturel forme courb\u00e9e"},"content":{"rendered":"<p>Arbre \u00e0 chat couleur blanche de forme courb\u00e9e<\/p>\n<p>4 plateaux en forme d&#8217;escalier sont pr\u00e9sents et rattach\u00e9s \u00e0 l&#8217;arbre<\/p>\n<p>d\u00e9lai : 2 \u00e0 3 mois<\/p>\n","protected":false},"excerpt":{"rendered":"<ul>\n<li><strong>Taille<\/strong> : 180 cm<\/li>\n<li><strong>Nombre de plateaux : <\/strong>4 au choix (Possibilit\u00e9 d&#8217;ajout de plateau pour 30 euros suppl\u00e9mentaire)<\/li>\n<li><strong>Couleur de socles<\/strong> : au choix<\/li>\n<li><strong>Teinte du bois :<\/strong> au choix<\/li>\n<\/ul>\n<p>Paiements s\u00e9curis\u00e9s par carte bancaire ou paypal<\/p>\n<p>Les frais de ports sont \u00e0 payer ult\u00e9rieurement en fonction de votre adresse et de la taille du colis.<\/p>\n<p>Un aper\u00e7u des frais de port du transporteur en fonction de votre localisation :<\/p>\n<ul>\n<li>Paris : environ 300 euros<\/li>\n<li>Lyon \/ Bordeaux : environ 450 euros<\/li>\n<li>Marseille : environ 600 euros<\/li>\n<\/ul>\n","protected":false},"featured_media":345,"comment_status":"open","ping_status":"closed","template":"","meta":{"_monsterinsights_skip_tracking":false,"_monsterinsights_sitenote_active":false,"_monsterinsights_sitenote_note":"","_monsterinsights_sitenote_category":0,"ocean_post_layout":"full-width","ocean_both_sidebars_style":"","ocean_both_sidebars_content_width":0,"ocean_both_sidebars_sidebars_width":0,"ocean_sidebar":"0","ocean_second_sidebar":"0","ocean_disable_margins":"enable","ocean_add_body_class":"","ocean_shortcode_before_top_bar":"","ocean_shortcode_after_top_bar":"","ocean_shortcode_before_header":"","ocean_shortcode_after_header":"","ocean_has_shortcode":"","ocean_shortcode_after_title":"","ocean_shortcode_before_footer_widgets":"","ocean_shortcode_after_footer_widgets":"","ocean_shortcode_before_footer_bottom":"","ocean_shortcode_after_footer_bottom":"","ocean_display_top_bar":"default","ocean_display_header":"default","ocean_header_style":"","ocean_center_header_left_menu":"0","ocean_custom_header_template":"0","ocean_custom_logo":0,"ocean_custom_retina_logo":0,"ocean_custom_logo_max_width":0,"ocean_custom_logo_tablet_max_width":0,"ocean_custom_logo_mobile_max_width":0,"ocean_custom_logo_max_height":0,"ocean_custom_logo_tablet_max_height":0,"ocean_custom_logo_mobile_max_height":0,"ocean_header_custom_menu":"0","ocean_menu_typo_font_family":"0","ocean_menu_typo_font_subset":"","ocean_menu_typo_font_size":0,"ocean_menu_typo_font_size_tablet":0,"ocean_menu_typo_font_size_mobile":0,"ocean_menu_typo_font_size_unit":"px","ocean_menu_typo_font_weight":"","ocean_menu_typo_font_weight_tablet":"","ocean_menu_typo_font_weight_mobile":"","ocean_menu_typo_transform":"","ocean_menu_typo_transform_tablet":"","ocean_menu_typo_transform_mobile":"","ocean_menu_typo_line_height":0,"ocean_menu_typo_line_height_tablet":0,"ocean_menu_typo_line_height_mobile":0,"ocean_menu_typo_line_height_unit":"","ocean_menu_typo_spacing":0,"ocean_menu_typo_spacing_tablet":0,"ocean_menu_typo_spacing_mobile":0,"ocean_menu_typo_spacing_unit":"","ocean_menu_link_color":"","ocean_menu_link_color_hover":"","ocean_menu_link_color_active":"","ocean_menu_link_background":"","ocean_menu_link_hover_background":"","ocean_menu_link_active_background":"","ocean_menu_social_links_bg":"","ocean_menu_social_hover_links_bg":"","ocean_menu_social_links_color":"","ocean_menu_social_hover_links_color":"","ocean_disable_title":"default","ocean_disable_heading":"default","ocean_post_title":"","ocean_post_subheading":"","ocean_post_title_style":"","ocean_post_title_background_color":"","ocean_post_title_background":0,"ocean_post_title_bg_image_position":"","ocean_post_title_bg_image_attachment":"","ocean_post_title_bg_image_repeat":"","ocean_post_title_bg_image_size":"","ocean_post_title_height":0,"ocean_post_title_bg_overlay":0.5,"ocean_post_title_bg_overlay_color":"","ocean_disable_breadcrumbs":"default","ocean_breadcrumbs_color":"","ocean_breadcrumbs_separator_color":"","ocean_breadcrumbs_links_color":"","ocean_breadcrumbs_links_hover_color":"","ocean_display_footer_widgets":"default","ocean_display_footer_bottom":"default","ocean_custom_footer_template":"0"},"product_cat":[35],"product_tag":[],"yoast_head":"<!-- This site is optimized with the Yoast SEO plugin v21.8 - https:\/\/yoast.com\/wordpress\/plugins\/seo\/ -->\n<title>Arbre \u00e0 chat bois naturel forme courb\u00e9e - Bois Design 59<\/title>\n<meta name=\"robots\" content=\"index, follow, max-snippet:-1, max-image-preview:large, max-video-preview:-1\" \/>\n<link rel=\"canonical\" href=\"https:\/\/boisdesign59.com\/index.php\/produit\/arbre-a-chat-bois-naturel-forme-courbee\/\" \/>\n<meta property=\"og:locale\" content=\"fr_FR\" \/>\n<meta property=\"og:type\" content=\"article\" \/>\n<meta property=\"og:title\" content=\"Arbre \u00e0 chat bois naturel forme courb\u00e9e - Bois Design 59\" \/>\n<meta property=\"og:description\" content=\"Taille : 180 cm  Nombre de plateaux : 4 au choix (Possibilit\u00e9 d&#039;ajout de plateau pour 30 euros suppl\u00e9mentaire)  Couleur de socles : au choix  Teinte du bois : au choix  Paiements s\u00e9curis\u00e9s par carte bancaire ou paypal  Les frais de ports sont \u00e0 payer ult\u00e9rieurement en fonction de votre adresse et de la taille du colis.  Un aper\u00e7u des frais de port du transporteur en fonction de votre localisation :   Paris : environ 300 euros  Lyon \/ Bordeaux : environ 450 euros  Marseille : environ 600 euros\" \/>\n<meta property=\"og:url\" content=\"https:\/\/boisdesign59.com\/index.php\/produit\/arbre-a-chat-bois-naturel-forme-courbee\/\" \/>\n<meta property=\"og:site_name\" content=\"Bois Design 59\" \/>\n<meta property=\"article:modified_time\" content=\"2025-11-23T17:38:02+00:00\" \/>\n<meta property=\"og:image\" content=\"https:\/\/boisdesign59.com\/wp-content\/uploads\/2022\/03\/photo_1-768x1024.png\" \/>\n\t<meta property=\"og:image:width\" content=\"768\" \/>\n\t<meta property=\"og:image:height\" content=\"1024\" \/>\n\t<meta property=\"og:image:type\" content=\"image\/png\" \/>\n<meta name=\"twitter:card\" content=\"summary_large_image\" \/>\n<meta name=\"twitter:label1\" content=\"Dur\u00e9e de lecture estim\u00e9e\" \/>\n\t<meta name=\"twitter:data1\" content=\"1 minute\" \/>\n<script type=\"application\/ld+json\" class=\"yoast-schema-graph\">{\"@context\":\"https:\/\/schema.org\",\"@graph\":[{\"@type\":\"WebPage\",\"@id\":\"https:\/\/boisdesign59.com\/index.php\/produit\/arbre-a-chat-bois-naturel-forme-courbee\/\",\"url\":\"https:\/\/boisdesign59.com\/index.php\/produit\/arbre-a-chat-bois-naturel-forme-courbee\/\",\"name\":\"Arbre \u00e0 chat bois naturel forme courb\u00e9e - Bois Design 59\",\"isPartOf\":{\"@id\":\"https:\/\/boisdesign59.com\/#website\"},\"datePublished\":\"2022-06-10T15:35:13+00:00\",\"dateModified\":\"2025-11-23T17:38:02+00:00\",\"breadcrumb\":{\"@id\":\"https:\/\/boisdesign59.com\/index.php\/produit\/arbre-a-chat-bois-naturel-forme-courbee\/#breadcrumb\"},\"inLanguage\":\"fr-FR\",\"potentialAction\":[{\"@type\":\"ReadAction\",\"target\":[\"https:\/\/boisdesign59.com\/index.php\/produit\/arbre-a-chat-bois-naturel-forme-courbee\/\"]}]},{\"@type\":\"BreadcrumbList\",\"@id\":\"https:\/\/boisdesign59.com\/index.php\/produit\/arbre-a-chat-bois-naturel-forme-courbee\/#breadcrumb\",\"itemListElement\":[{\"@type\":\"ListItem\",\"position\":1,\"name\":\"Accueil\",\"item\":\"https:\/\/boisdesign59.com\/\"},{\"@type\":\"ListItem\",\"position\":2,\"name\":\"Shop\",\"item\":\"https:\/\/boisdesign59.com\/index.php\/boutique\/\"},{\"@type\":\"ListItem\",\"position\":3,\"name\":\"Arbre \u00e0 chat bois naturel forme courb\u00e9e\"}]},{\"@type\":\"WebSite\",\"@id\":\"https:\/\/boisdesign59.com\/#website\",\"url\":\"https:\/\/boisdesign59.com\/\",\"name\":\"Bois Design 59\",\"description\":\"Arbres \u00e0 chat sur mesure\",\"publisher\":{\"@id\":\"https:\/\/boisdesign59.com\/#organization\"},\"potentialAction\":[{\"@type\":\"SearchAction\",\"target\":{\"@type\":\"EntryPoint\",\"urlTemplate\":\"https:\/\/boisdesign59.com\/?s={search_term_string}\"},\"query-input\":\"required name=search_term_string\"}],\"inLanguage\":\"fr-FR\"},{\"@type\":\"Organization\",\"@id\":\"https:\/\/boisdesign59.com\/#organization\",\"name\":\"Boisdesign59\",\"url\":\"https:\/\/boisdesign59.com\/\",\"logo\":{\"@type\":\"ImageObject\",\"inLanguage\":\"fr-FR\",\"@id\":\"https:\/\/boisdesign59.com\/#\/schema\/logo\/image\/\",\"url\":\"https:\/\/boisdesign59.com\/wp-content\/uploads\/2022\/04\/cropped-photo_1-2-e1649089101219-1.jpeg\",\"contentUrl\":\"https:\/\/boisdesign59.com\/wp-content\/uploads\/2022\/04\/cropped-photo_1-2-e1649089101219-1.jpeg\",\"width\":1170,\"height\":1006,\"caption\":\"Boisdesign59\"},\"image\":{\"@id\":\"https:\/\/boisdesign59.com\/#\/schema\/logo\/image\/\"}}]}<\/script>\n<!-- \/ Yoast SEO plugin. -->","yoast_head_json":{"title":"Arbre \u00e0 chat bois naturel forme courb\u00e9e - Bois Design 59","robots":{"index":"index","follow":"follow","max-snippet":"max-snippet:-1","max-image-preview":"max-image-preview:large","max-video-preview":"max-video-preview:-1"},"canonical":"https:\/\/boisdesign59.com\/index.php\/produit\/arbre-a-chat-bois-naturel-forme-courbee\/","og_locale":"fr_FR","og_type":"article","og_title":"Arbre \u00e0 chat bois naturel forme courb\u00e9e - Bois Design 59","og_description":"Taille : 180 cm  Nombre de plateaux : 4 au choix (Possibilit\u00e9 d'ajout de plateau pour 30 euros suppl\u00e9mentaire)  Couleur de socles : au choix  Teinte du bois : au choix  Paiements s\u00e9curis\u00e9s par carte bancaire ou paypal  Les frais de ports sont \u00e0 payer ult\u00e9rieurement en fonction de votre adresse et de la taille du colis.  Un aper\u00e7u des frais de port du transporteur en fonction de votre localisation :   Paris : environ 300 euros  Lyon \/ Bordeaux : environ 450 euros  Marseille : environ 600 euros","og_url":"https:\/\/boisdesign59.com\/index.php\/produit\/arbre-a-chat-bois-naturel-forme-courbee\/","og_site_name":"Bois Design 59","article_modified_time":"2025-11-23T17:38:02+00:00","og_image":[{"width":768,"height":1024,"url":"https:\/\/boisdesign59.com\/wp-content\/uploads\/2022\/03\/photo_1-768x1024.png","type":"image\/png"}],"twitter_card":"summary_large_image","twitter_misc":{"Dur\u00e9e de lecture estim\u00e9e":"1 minute"},"schema":{"@context":"https:\/\/schema.org","@graph":[{"@type":"WebPage","@id":"https:\/\/boisdesign59.com\/index.php\/produit\/arbre-a-chat-bois-naturel-forme-courbee\/","url":"https:\/\/boisdesign59.com\/index.php\/produit\/arbre-a-chat-bois-naturel-forme-courbee\/","name":"Arbre \u00e0 chat bois naturel forme courb\u00e9e - Bois Design 59","isPartOf":{"@id":"https:\/\/boisdesign59.com\/#website"},"datePublished":"2022-06-10T15:35:13+00:00","dateModified":"2025-11-23T17:38:02+00:00","breadcrumb":{"@id":"https:\/\/boisdesign59.com\/index.php\/produit\/arbre-a-chat-bois-naturel-forme-courbee\/#breadcrumb"},"inLanguage":"fr-FR","potentialAction":[{"@type":"ReadAction","target":["https:\/\/boisdesign59.com\/index.php\/produit\/arbre-a-chat-bois-naturel-forme-courbee\/"]}]},{"@type":"BreadcrumbList","@id":"https:\/\/boisdesign59.com\/index.php\/produit\/arbre-a-chat-bois-naturel-forme-courbee\/#breadcrumb","itemListElement":[{"@type":"ListItem","position":1,"name":"Accueil","item":"https:\/\/boisdesign59.com\/"},{"@type":"ListItem","position":2,"name":"Shop","item":"https:\/\/boisdesign59.com\/index.php\/boutique\/"},{"@type":"ListItem","position":3,"name":"Arbre \u00e0 chat bois naturel forme courb\u00e9e"}]},{"@type":"WebSite","@id":"https:\/\/boisdesign59.com\/#website","url":"https:\/\/boisdesign59.com\/","name":"Bois Design 59","description":"Arbres \u00e0 chat sur mesure","publisher":{"@id":"https:\/\/boisdesign59.com\/#organization"},"potentialAction":[{"@type":"SearchAction","target":{"@type":"EntryPoint","urlTemplate":"https:\/\/boisdesign59.com\/?s={search_term_string}"},"query-input":"required name=search_term_string"}],"inLanguage":"fr-FR"},{"@type":"Organization","@id":"https:\/\/boisdesign59.com\/#organization","name":"Boisdesign59","url":"https:\/\/boisdesign59.com\/","logo":{"@type":"ImageObject","inLanguage":"fr-FR","@id":"https:\/\/boisdesign59.com\/#\/schema\/logo\/image\/","url":"https:\/\/boisdesign59.com\/wp-content\/uploads\/2022\/04\/cropped-photo_1-2-e1649089101219-1.jpeg","contentUrl":"https:\/\/boisdesign59.com\/wp-content\/uploads\/2022\/04\/cropped-photo_1-2-e1649089101219-1.jpeg","width":1170,"height":1006,"caption":"Boisdesign59"},"image":{"@id":"https:\/\/boisdesign59.com\/#\/schema\/logo\/image\/"}}]}},"_links":{"self":[{"href":"https:\/\/boisdesign59.com\/index.php\/wp-json\/wp\/v2\/product\/1245"}],"collection":[{"href":"https:\/\/boisdesign59.com\/index.php\/wp-json\/wp\/v2\/product"}],"about":[{"href":"https:\/\/boisdesign59.com\/index.php\/wp-json\/wp\/v2\/types\/product"}],"replies":[{"embeddable":true,"href":"https:\/\/boisdesign59.com\/index.php\/wp-json\/wp\/v2\/comments?post=1245"}],"wp:featuredmedia":[{"embeddable":true,"href":"https:\/\/boisdesign59.com\/index.php\/wp-json\/wp\/v2\/media\/345"}],"wp:attachment":[{"href":"https:\/\/boisdesign59.com\/index.php\/wp-json\/wp\/v2\/media?parent=1245"}],"wp:term":[{"taxonomy":"product_cat","embeddable":true,"href":"https:\/\/boisdesign59.com\/index.php\/wp-json\/wp\/v2\/product_cat?post=1245"},{"taxonomy":"product_tag","embeddable":true,"href":"https:\/\/boisdesign59.com\/index.php\/wp-json\/wp\/v2\/product_tag?post=1245"}],"curies":[{"name":"wp","href":"https:\/\/api.w.org\/{rel}","templated":true}]}}